{"id":46,"date":"2019-12-26T21:58:41","date_gmt":"2019-12-26T21:58:41","guid":{"rendered":"https:\/\/rifaat.masse.studio\/?page_id=46"},"modified":"2019-12-27T12:06:37","modified_gmt":"2019-12-27T12:06:37","slug":"impressum","status":"publish","type":"page","link":"https:\/\/rifaat.at\/en\/impressum\/","title":{"rendered":"Impressum"},"content":{"rendered":"","protected":false},"excerpt":{"rendered":"","protected":false},"author":1,"featured_media":0,"parent":0,"menu_order":3,"comment_status":"closed","ping_status":"closed","template":"","meta":{"inline_featured_image":false},"class_list":["post-46","page","type-page","status-publish","hentry"],"yoast_head":"<!-- This site is optimized with the Yoast SEO plugin v24.8.1 - https:\/\/yoast.com\/wordpress\/plugins\/seo\/ -->\n<title><\/title>\n<meta name=\"robots\" content=\"index, follow, max-snippet:-1, max-image-preview:large, max-video-preview:-1\" \/>\n<link rel=\"canonical\" href=\"https:\/\/rifaat.at\/impressum\/\" \/>\n<meta property=\"og:locale\" content=\"en_US\" \/>\n<meta property=\"og:type\" content=\"article\" \/>\n<meta property=\"og:title\" content=\"[:de]Impressum[:] - Dr. Farid Rifaat\" \/>\n<meta property=\"og:url\" content=\"https:\/\/rifaat.at\/impressum\/\" \/>\n<meta property=\"og:site_name\" content=\"Dr. Farid Rifaat\" \/>\n<meta property=\"article:modified_time\" content=\"2019-12-27T12:06:37+00:00\" \/>\n<meta name=\"twitter:card\" content=\"summary_large_image\" \/>\n<script type=\"application\/ld+json\" class=\"yoast-schema-graph\">{\"@context\":\"https:\/\/schema.org\",\"@graph\":[{\"@type\":\"WebPage\",\"@id\":\"https:\/\/rifaat.at\/impressum\/\",\"url\":\"https:\/\/rifaat.at\/impressum\/\",\"name\":\"[:de]Impressum[:] - Dr. Farid Rifaat\",\"isPartOf\":{\"@id\":\"https:\/\/rifaat.at\/#website\"},\"datePublished\":\"2019-12-26T21:58:41+00:00\",\"dateModified\":\"2019-12-27T12:06:37+00:00\",\"breadcrumb\":{\"@id\":\"https:\/\/rifaat.at\/impressum\/#breadcrumb\"},\"inLanguage\":\"en-US\",\"potentialAction\":[{\"@type\":\"ReadAction\",\"target\":[\"https:\/\/rifaat.at\/impressum\/\"]}]},{\"@type\":\"BreadcrumbList\",\"@id\":\"https:\/\/rifaat.at\/impressum\/#breadcrumb\",\"itemListElement\":[{\"@type\":\"ListItem\",\"position\":1,\"name\":\"Startseite\",\"item\":\"https:\/\/rifaat.at\/\"},{\"@type\":\"ListItem\",\"position\":2,\"name\":\"Impressum\"}]},{\"@type\":\"WebSite\",\"@id\":\"https:\/\/rifaat.at\/#website\",\"url\":\"https:\/\/rifaat.at\/\",\"name\":\"Dr. Farid Rifaat\",\"description\":\"\",\"potentialAction\":[{\"@type\":\"SearchAction\",\"target\":{\"@type\":\"EntryPoint\",\"urlTemplate\":\"https:\/\/rifaat.at\/?s={search_term_string}\"},\"query-input\":{\"@type\":\"PropertyValueSpecification\",\"valueRequired\":true,\"valueName\":\"search_term_string\"}}],\"inLanguage\":\"en-US\"}]}<\/script>\n<!-- \/ Yoast SEO plugin. -->","yoast_head_json":{"title":"[:de]Impressum[:] - Dr. Farid Rifaat","robots":{"index":"index","follow":"follow","max-snippet":"max-snippet:-1","max-image-preview":"max-image-preview:large","max-video-preview":"max-video-preview:-1"},"canonical":"https:\/\/rifaat.at\/impressum\/","og_locale":"en_US","og_type":"article","og_title":"[:de]Impressum[:] - Dr. Farid Rifaat","og_url":"https:\/\/rifaat.at\/impressum\/","og_site_name":"Dr. Farid Rifaat","article_modified_time":"2019-12-27T12:06:37+00:00","twitter_card":"summary_large_image","schema":{"@context":"https:\/\/schema.org","@graph":[{"@type":"WebPage","@id":"https:\/\/rifaat.at\/impressum\/","url":"https:\/\/rifaat.at\/impressum\/","name":"[:de]Impressum[:] - Dr. Farid Rifaat","isPartOf":{"@id":"https:\/\/rifaat.at\/#website"},"datePublished":"2019-12-26T21:58:41+00:00","dateModified":"2019-12-27T12:06:37+00:00","breadcrumb":{"@id":"https:\/\/rifaat.at\/impressum\/#breadcrumb"},"inLanguage":"en-US","potentialAction":[{"@type":"ReadAction","target":["https:\/\/rifaat.at\/impressum\/"]}]},{"@type":"BreadcrumbList","@id":"https:\/\/rifaat.at\/impressum\/#breadcrumb","itemListElement":[{"@type":"ListItem","position":1,"name":"Startseite","item":"https:\/\/rifaat.at\/"},{"@type":"ListItem","position":2,"name":"Impressum"}]},{"@type":"WebSite","@id":"https:\/\/rifaat.at\/#website","url":"https:\/\/rifaat.at\/","name":"Dr. Farid Rifaat","description":"","potentialAction":[{"@type":"SearchAction","target":{"@type":"EntryPoint","urlTemplate":"https:\/\/rifaat.at\/?s={search_term_string}"},"query-input":{"@type":"PropertyValueSpecification","valueRequired":true,"valueName":"search_term_string"}}],"inLanguage":"en-US"}]}},"grid":"{\r\n  \"colCount\": 12,\r\n  \"colGutter\": 1,\r\n  \"rowGutters\": [],\r\n  \"frameMargin\": 5,\r\n  \"topFrameMargin\": 400,\r\n  \"bottomFrameMargin\": 5,\r\n  \"rowAttrs\": [\r\n    {}\r\n  ],\r\n  \"bgColor\": null,\r\n  \"cont\": [\r\n    {\r\n      \"type\": \"img\",\r\n      \"cont\": \"\/wp-content\/uploads\/2019\/12\/Freddy_2019_00319-.jpg\",\r\n      \"align\": \"top\",\r\n      \"row\": 0,\r\n      \"col\": 0,\r\n      \"colspan\": 5,\r\n      \"offsetx\": 0,\r\n      \"offsety\": 0,\r\n      \"spaceabove\": 0,\r\n      \"spacebelow\": 0,\r\n      \"yvel\": 1,\r\n      \"push\": 0,\r\n      \"relid\": 125,\r\n      \"attid\": 8,\r\n      \"sizes\": {\r\n        \"full\": \"\/wp-content\/uploads\/2019\/12\/Freddy_2019_00319-.jpg\",\r\n        \"_1280\": \"\/wp-content\/uploads\/2019\/12\/Freddy_2019_00319--1280x1918.jpg\",\r\n        \"_1024\": \"\/wp-content\/uploads\/2019\/12\/Freddy_2019_00319--1024x1534.jpg\",\r\n        \"_768\": \"\/wp-content\/uploads\/2019\/12\/Freddy_2019_00319--768x1151.jpg\",\r\n        \"_512\": \"\/wp-content\/uploads\/2019\/12\/Freddy_2019_00319--512x767.jpg\",\r\n        \"_265\": \"\/wp-content\/uploads\/2019\/12\/Freddy_2019_00319--265x397.jpg\"\r\n      },\r\n      \"w\": 1335,\r\n      \"h\": 2000,\r\n      \"ar\": 1.4981273408239701,\r\n      \"alt\": \"\"\r\n    },\r\n    {\r\n      \"type\": \"text\",\r\n      \"cont\": \"<h1 class=\\\"_Canela\\\">Impressum und Offenlegung gem\u00e4\u00df \u00a7\u00a7 24, 25 Mediengesetz und Information gem\u00e4\u00df \u00a7 5 ECG sowie \u00a7 14 Unternehmensgesetzbuch:<\/h1><p><strong>Kanzlei Dr. Farid Rifaat\u2028<\/strong><br \/>Schmerlingplatz 3 <br \/>1010 Wien<br \/>\u00a0<br \/>Telefon +43 1 405 32 62 <br \/>Fax +43 1 405 32 62 \u2013 20 <br \/>E-Mail office@rifaat.at<\/p><p>Sitz: Wien <br \/>UID: ATU10492108<br \/>\u00a0<br \/><strong>Unternehmensgegenstand:<\/strong><br \/>Aus\u00fcbung der Rechtsanwaltschaft nach \u00f6sterreichischem Recht einschlie\u00dflich der erforderlichen Hilfst\u00e4tigkeiten.<br \/>\u00a0<br \/><strong>Standesrecht &amp; Aufsicht:<\/strong><br \/>RA Dr. Farid Rifaat unterliegt den anwendbaren berufsrechtlichen Vorschriften\u00a0(insbesondere RAO, RL-BA, DSt) sowie der Aufsicht der Rechtsanwaltskammer Wien<br \/>\u00a0<br \/><strong>Grundlegende Richtung des Mediums:<\/strong><br \/>Information \u00fcber RA Dr. Farid Rifaat sowie Informationen zu rechtlichen sowie sonstigen Themen.<br \/>\u00a0<br \/><strong>Medieninhaber\/Herausgeber:<\/strong><br \/>RA Dr. Farid Rifaat<br \/>\u00a0<br \/><strong>Design &amp; Umsetzung:<\/strong><br \/>Maximilian Mauracher, www.maximilianmauracher.com<br \/>\u00a0\u00a0<br \/><strong>Disclaimer\/Haftungsausschluss:<\/strong><br \/>RA Dr. Farid Rifaat \u00fcbernimmt keine Haftung f\u00fcr jegliche unmittelbaren oder mittelbaren Sch\u00e4den, Schadenersatzforderungen oder Folgesch\u00e4den egal welcher Art und aus welchem Rechtsgrund, die durch den Zugriff oder die Verwendung dieser Website entstehen k\u00f6nnen. Eine Haftung f\u00fcr die Aktualit\u00e4t von Informationen, die Richtigkeit und Vollst\u00e4ndigkeit der auf dieser Website zur Verf\u00fcgung gestellten Informationen wird ausgeschlossen. Dies gilt auch f\u00fcr etwaige Links auf fremde Websites (weil au\u00dferhalb der Kontrolle).<\/p>\",\r\n      \"align\": \"top\",\r\n      \"row\": 0,\r\n      \"col\": 6,\r\n      \"colspan\": 6,\r\n      \"offsetx\": 0,\r\n      \"offsety\": 0,\r\n      \"spaceabove\": 0,\r\n      \"spacebelow\": 0,\r\n      \"yvel\": 1,\r\n      \"push\": 1,\r\n      \"relid\": 4\r\n    }\r\n  ]\r\n}","phonegrid":"{\r\n  \"colCount\": 12,\r\n  \"colGutter\": 1,\r\n  \"rowGutters\": [\r\n    5\r\n  ],\r\n  \"frameMargin\": 5,\r\n  \"topFrameMargin\": 50,\r\n  \"bottomFrameMargin\": 5,\r\n  \"rowAttrs\": [\r\n    {},\r\n    {}\r\n  ],\r\n  \"bgColor\": null,\r\n  \"cont\": [\r\n    {\r\n      \"type\": \"img\",\r\n      \"cont\": \"\/wp-content\/uploads\/2019\/12\/Freddy_2019_00319-.jpg\",\r\n      \"align\": \"bottom\",\r\n      \"row\": 0,\r\n      \"col\": 0,\r\n      \"colspan\": 12,\r\n      \"offsetx\": 0,\r\n      \"offsety\": 0,\r\n      \"spaceabove\": 0,\r\n      \"spacebelow\": 0,\r\n      \"yvel\": 1,\r\n      \"push\": 0,\r\n      \"relid\": 125,\r\n      \"attid\": 8,\r\n      \"sizes\": {\r\n        \"full\": \"\/wp-content\/uploads\/2019\/12\/Freddy_2019_00319-.jpg\",\r\n        \"_1280\": \"\/wp-content\/uploads\/2019\/12\/Freddy_2019_00319--1280x1918.jpg\",\r\n        \"_1024\": \"\/wp-content\/uploads\/2019\/12\/Freddy_2019_00319--1024x1534.jpg\",\r\n        \"_768\": \"\/wp-content\/uploads\/2019\/12\/Freddy_2019_00319--768x1151.jpg\",\r\n        \"_512\": \"\/wp-content\/uploads\/2019\/12\/Freddy_2019_00319--512x767.jpg\",\r\n        \"_265\": \"\/wp-content\/uploads\/2019\/12\/Freddy_2019_00319--265x397.jpg\"\r\n      },\r\n      \"w\": 1335,\r\n      \"h\": 2000,\r\n      \"ar\": 1.4981273408239701,\r\n      \"alt\": \"\"\r\n    },\r\n    {\r\n      \"type\": \"text\",\r\n      \"cont\": \"<h1 class=\\\"_Canela\\\">Impressum und Offenlegung gem\u00e4\u00df \u00a7\u00a7 24, 25 Mediengesetz und Information gem\u00e4\u00df \u00a7 5 ECG sowie \u00a7 14 Unternehmensgesetzbuch:<\/h1><p><strong>Kanzlei Dr. Farid Rifaat\u2028<\/strong><br \/>Schmerlingplatz 3 <br \/>1010 Wien<br \/>\u00a0<br \/>Telefon +43 1 405 32 62 <br \/>Fax +43 1 405 32 62 \u2013 20 <br \/>E-Mail office@rifaat.at<\/p><p>Sitz: Wien <br \/>UID: ATU10492108<br \/>\u00a0<br \/><strong>Unternehmensgegenstand:<\/strong><br \/>Aus\u00fcbung der Rechtsanwaltschaft nach \u00f6sterreichischem Recht einschlie\u00dflich der erforderlichen Hilfst\u00e4tigkeiten.<br \/>\u00a0<br \/><strong>Standesrecht &amp; Aufsicht:<\/strong><br \/>RA Dr. Farid Rifaat unterliegt den anwendbaren berufsrechtlichen Vorschriften\u00a0(insbesondere RAO, RL-BA, DSt) sowie der Aufsicht der Rechtsanwaltskammer Wien<br \/>\u00a0<br \/><strong>Grundlegende Richtung des Mediums:<\/strong><br \/>Information \u00fcber RA Dr. Farid Rifaat sowie Informationen zu rechtlichen sowie sonstigen Themen.<br \/>\u00a0<br \/><strong>Medieninhaber\/Herausgeber:<\/strong><br \/>RA Dr. Farid Rifaat<br \/>\u00a0<br \/><strong>Design &amp; Umsetzung:<\/strong><br \/>Maximilian Mauracher, www.maximilianmauracher.com<br \/>\u00a0\u00a0<br \/><strong>Disclaimer\/Haftungsausschluss:<\/strong><br \/>RA Dr. Farid Rifaat \u00fcbernimmt keine Haftung f\u00fcr jegliche unmittelbaren oder mittelbaren Sch\u00e4den, Schadenersatzforderungen oder Folgesch\u00e4den egal welcher Art und aus welchem Rechtsgrund, die durch den Zugriff oder die Verwendung dieser Website entstehen k\u00f6nnen. Eine Haftung f\u00fcr die Aktualit\u00e4t von Informationen, die Richtigkeit und Vollst\u00e4ndigkeit der auf dieser Website zur Verf\u00fcgung gestellten Informationen wird ausgeschlossen. Dies gilt auch f\u00fcr etwaige Links auf fremde Websites (weil au\u00dferhalb der Kontrolle).<\/p>\",\r\n      \"align\": \"bottom\",\r\n      \"row\": 1,\r\n      \"col\": 0,\r\n      \"colspan\": 12,\r\n      \"offsetx\": 0,\r\n      \"offsety\": 0,\r\n      \"spaceabove\": 0,\r\n      \"spacebelow\": 0,\r\n      \"yvel\": 1,\r\n      \"push\": 0,\r\n      \"relid\": 4\r\n    }\r\n  ]\r\n}","_links":{"self":[{"href":"https:\/\/rifaat.at\/en\/wp-json\/wp\/v2\/pages\/46","targetHints":{"allow":["GET"]}}],"collection":[{"href":"https:\/\/rifaat.at\/en\/wp-json\/wp\/v2\/pages"}],"about":[{"href":"https:\/\/rifaat.at\/en\/wp-json\/wp\/v2\/types\/page"}],"author":[{"embeddable":true,"href":"https:\/\/rifaat.at\/en\/wp-json\/wp\/v2\/users\/1"}],"replies":[{"embeddable":true,"href":"https:\/\/rifaat.at\/en\/wp-json\/wp\/v2\/comments?post=46"}],"version-history":[{"count":0,"href":"https:\/\/rifaat.at\/en\/wp-json\/wp\/v2\/pages\/46\/revisions"}],"wp:attachment":[{"href":"https:\/\/rifaat.at\/en\/wp-json\/wp\/v2\/media?parent=46"}],"curies":[{"name":"wp","href":"https:\/\/api.w.org\/{rel}","templated":true}]}}